{"id":12821,"date":"2023-09-30T20:08:25","date_gmt":"2023-10-01T00:08:25","guid":{"rendered":"https:\/\/test.luclaverdure.com\/experimentations\/"},"modified":"2023-10-06T16:57:14","modified_gmt":"2023-10-06T20:57:14","slug":"experimentations","status":"publish","type":"page","link":"https:\/\/luclaverdure.com\/fr\/experimentations\/","title":{"rendered":"Exp\u00e9rimentations"},"content":{"rendered":"\n<p><strong>S&rsquo;\u00e9panouit dans l&rsquo;innovation<\/strong> \u2e3a Dans le domaine du d\u00e9veloppement web, je m&rsquo;\u00e9panouis dans le laboratoire de l&rsquo;innovation num\u00e9rique o\u00f9 les exp\u00e9riences et les projets prennent vie. Je suis un professionnel d\u00e9vou\u00e9 \u00e0 la recherche d&rsquo;un emploi et je consid\u00e8re mon site web comme un espace cr\u00e9atif o\u00f9 j&rsquo;explore activement de nouveaux concepts, teste des technologies de pointe et am\u00e9liore l&rsquo;exp\u00e9rience utilisateur. Gr\u00e2ce \u00e0 mon approche m\u00e9ticuleuse de la programmation, \u00e0 mes processus de conception it\u00e9ratifs et \u00e0 l&rsquo;int\u00e9gration des commentaires des utilisateurs, je repousse constamment les limites de ce qui est possible dans le domaine num\u00e9rique. Mon expertise englobe la cr\u00e9ation d&rsquo;interfaces captivantes, l&rsquo;optimisation des performances et la garantie de l&rsquo;accessibilit\u00e9 \u00e0 tous les utilisateurs. Cette page \u00ab\u00a0Laboratoire\u00a0\u00bb repr\u00e9sente un centre dynamique o\u00f9 les id\u00e9es se transforment en sites web enti\u00e8rement fonctionnels et visuellement \u00e9poustouflants. Au sein de ce laboratoire, je combine mon talent artistique avec une expertise technique pour fa\u00e7onner le paysage num\u00e9rique et offrir des exp\u00e9riences en ligne fluides.<\/p>\n","protected":false},"excerpt":{"rendered":"<p>S&rsquo;\u00e9panouit dans l&rsquo;innovation \u2e3a Dans le domaine du d\u00e9veloppement web, je m&rsquo;\u00e9panouis dans le laboratoire de l&rsquo;innovation num\u00e9rique o\u00f9 les exp\u00e9riences et les projets prennent vie. Je suis un professionnel d\u00e9vou\u00e9 \u00e0 la recherche d&rsquo;un emploi et je consid\u00e8re mon site web comme un espace cr\u00e9atif o\u00f9 j&rsquo;explore activement de nouveaux concepts, teste des technologies &hellip; <\/p>\n<p class=\"link-more\"><a href=\"https:\/\/luclaverdure.com\/fr\/experimentations\/\" class=\"more-link\">Continuer la lecture<span class=\"screen-reader-text\"> de &laquo; Exp\u00e9rimentations &raquo;<\/span><\/a><\/p>\n","protected":false},"author":1,"featured_media":0,"parent":0,"menu_order":0,"comment_status":"closed","ping_status":"closed","template":"","meta":{"_acf_changed":false,"footnotes":""},"class_list":["post-12821","page","type-page","status-publish","hentry"],"acf":[],"_links":{"self":[{"href":"https:\/\/luclaverdure.com\/fr\/wp-json\/wp\/v2\/pages\/12821","targetHints":{"allow":["GET"]}}],"collection":[{"href":"https:\/\/luclaverdure.com\/fr\/wp-json\/wp\/v2\/pages"}],"about":[{"href":"https:\/\/luclaverdure.com\/fr\/wp-json\/wp\/v2\/types\/page"}],"author":[{"embeddable":true,"href":"https:\/\/luclaverdure.com\/fr\/wp-json\/wp\/v2\/users\/1"}],"replies":[{"embeddable":true,"href":"https:\/\/luclaverdure.com\/fr\/wp-json\/wp\/v2\/comments?post=12821"}],"version-history":[{"count":3,"href":"https:\/\/luclaverdure.com\/fr\/wp-json\/wp\/v2\/pages\/12821\/revisions"}],"predecessor-version":[{"id":13737,"href":"https:\/\/luclaverdure.com\/fr\/wp-json\/wp\/v2\/pages\/12821\/revisions\/13737"}],"wp:attachment":[{"href":"https:\/\/luclaverdure.com\/fr\/wp-json\/wp\/v2\/media?parent=12821"}],"curies":[{"name":"wp","href":"https:\/\/api.w.org\/{rel}","templated":true}]}}